{"id":1319,"date":"2020-05-13T13:15:38","date_gmt":"2020-05-13T10:15:38","guid":{"rendered":"https:\/\/mellifera.qodeinteractive.com\/?page_id=1319"},"modified":"2021-01-23T21:07:21","modified_gmt":"2021-01-23T18:07:21","slug":"kontaktai","status":"publish","type":"page","link":"https:\/\/honeybuddies.eu\/dev\/kontaktai\/","title":{"rendered":"Kontaktai"},"content":{"rendered":"\t\t<div data-elementor-type=\"wp-page\" data-elementor-id=\"1319\" class=\"elementor elementor-1319\" data-elementor-settings=\"[]\">\n\t\t\t\t\t\t<div class=\"elementor-inner\">\n\t\t\t\t\t\t\t<div class=\"elementor-section-wrap\">\n\t\t\t\t\t\t\t<section class=\"elementor-section elementor-top-section elementor-element elementor-element-387e530 qodef-elementor-content-grid elementor-section-boxed elementor-section-height-default elementor-section-height-default qodef-bees-holder-no qodef-section-backgrounds-animation-no\" data-id=\"387e530\" data-element_type=\"section\">\n\t\t\t\t\t\t<div class=\"elementor-container elementor-column-gap-default\">\n\t\t\t\t\t\t\t<div class=\"elementor-row\">\n\t\t\t\t\t<div class=\"elementor-column elementor-col-50 elementor-top-column elementor-element elementor-element-4c6103d\" data-id=\"4c6103d\" data-element_type=\"column\">\n\t\t\t<div class=\"elementor-column-wrap elementor-element-populated\">\n\t\t\t\t\t\t\t<div class=\"elementor-widget-wrap\">\n\t\t\t\t\t\t<div class=\"elementor-element elementor-element-099a1a6 elementor-widget elementor-widget-image\" data-id=\"099a1a6\" data-element_type=\"widget\" data-widget_type=\"image.default\">\n\t\t\t\t<div class=\"elementor-widget-container\">\n\t\t\t\t\t<div class=\"elementor-image\">\n\t\t\t\t\t\t\t\t\t\t<img loading=\"lazy\" decoding=\"async\" width=\"942\" height=\"789\" src=\"https:\/\/honeybuddies.eu\/dev\/wp-content\/uploads\/2020\/11\/31E4D2D6-1E7E-48DF-B5C0-009E070596E8.png\" class=\"attachment-large size-large\" alt=\"\" srcset=\"https:\/\/honeybuddies.eu\/dev\/wp-content\/uploads\/2020\/11\/31E4D2D6-1E7E-48DF-B5C0-009E070596E8.png 942w, https:\/\/honeybuddies.eu\/dev\/wp-content\/uploads\/2020\/11\/31E4D2D6-1E7E-48DF-B5C0-009E070596E8-300x251.png 300w, https:\/\/honeybuddies.eu\/dev\/wp-content\/uploads\/2020\/11\/31E4D2D6-1E7E-48DF-B5C0-009E070596E8-768x643.png 768w, https:\/\/honeybuddies.eu\/dev\/wp-content\/uploads\/2020\/11\/31E4D2D6-1E7E-48DF-B5C0-009E070596E8-600x503.png 600w\" sizes=\"(max-width: 942px) 100vw, 942px\" \/>\t\t\t\t\t\t\t\t\t\t\t<\/div>\n\t\t\t\t<\/div>\n\t\t\t\t<\/div>\n\t\t\t\t<div class=\"elementor-element elementor-element-76eedbe elementor-widget elementor-widget-mellifera_core_section_title\" data-id=\"76eedbe\" data-element_type=\"widget\" data-widget_type=\"mellifera_core_section_title.default\">\n\t\t\t\t<div class=\"elementor-widget-container\">\n\t\t\t<div class=\"qodef-shortcode qodef-m  qodef-section-title qodef-alignment--left \">\n\t\t\t<p class=\"qodef-m-text\" style=\"margin-top: 14px\">MB Ecosertifikuota<\/p>\n<\/div>\t\t<\/div>\n\t\t\t\t<\/div>\n\t\t\t\t<div class=\"elementor-element elementor-element-edfbeca elementor-widget elementor-widget-wp-widget-text\" data-id=\"edfbeca\" data-element_type=\"widget\" data-widget_type=\"wp-widget-text.default\">\n\t\t\t\t<div class=\"elementor-widget-container\">\n\t\t\t\t\t\t<div class=\"textwidget\"><p>\u012emon\u0117s kodas: 305683994<\/p>\n<p>Vanag\u0117lio g. 57, Kolonist\u0173 k., Alytaus r. LT-64302<\/p>\n<p>El. pa\u0161tas: honeybuddiess@gmail.com<\/p>\n<p>Tel. nr.: +370 67117837<\/p>\n<p>Klientus aptarnaujame:<\/p>\n<p>I \u2013 V 10.00 \u2013 18.00<br \/>\nVI \u2013 VII nedirbame<\/p>\n<p>&nbsp;<\/p>\n<\/div>\n\t\t\t\t<\/div>\n\t\t\t\t<\/div>\n\t\t\t\t\t\t<\/div>\n\t\t\t\t\t<\/div>\n\t\t<\/div>\n\t\t\t\t<div class=\"elementor-column elementor-col-50 elementor-top-column elementor-element elementor-element-dc3830b\" data-id=\"dc3830b\" data-element_type=\"column\" data-settings=\"{&quot;background_background&quot;:&quot;classic&quot;}\">\n\t\t\t<div class=\"elementor-column-wrap elementor-element-populated\">\n\t\t\t\t\t\t\t<div class=\"elementor-widget-wrap\">\n\t\t\t\t\t\t<div class=\"elementor-element elementor-element-0db0aa7 elementor-widget elementor-widget-mellifera_core_section_title\" data-id=\"0db0aa7\" data-element_type=\"widget\" data-widget_type=\"mellifera_core_section_title.default\">\n\t\t\t\t<div class=\"elementor-widget-container\">\n\t\t\t<div class=\"qodef-shortcode qodef-m  qodef-section-title qodef-alignment--left \">\n\t\t<h3 class=\"qodef-m-title\" >\n\t\t\t\t\tSusisiekite su mumis\t\t\t<\/h3>\n\t<\/div>\t\t<\/div>\n\t\t\t\t<\/div>\n\t\t\t\t<div class=\"elementor-element elementor-element-635671f elementor-widget elementor-widget-wp-widget-mellifera_core_contact_form_7\" data-id=\"635671f\" data-element_type=\"widget\" data-widget_type=\"wp-widget-mellifera_core_contact_form_7.default\">\n\t\t\t\t<div class=\"elementor-widget-container\">\n\t\t\t\t\t\t<div class=\"qodef-contact-form-7\">\n\t\t\t\t<div role=\"form\" class=\"wpcf7\" id=\"wpcf7-f14-o1\" lang=\"en-US\" dir=\"ltr\">\n<div class=\"screen-reader-response\"><p role=\"status\" aria-live=\"polite\" aria-atomic=\"true\"><\/p> <ul><\/ul><\/div>\n<form action=\"\/dev\/wp-json\/wp\/v2\/pages\/1319#wpcf7-f14-o1\" method=\"post\" class=\"wpcf7-form init\" novalidate=\"novalidate\" data-status=\"init\">\n<div style=\"display: none;\">\n<input type=\"hidden\" name=\"_wpcf7\" value=\"14\" \/>\n<input type=\"hidden\" name=\"_wpcf7_version\" value=\"5.3\" \/>\n<input type=\"hidden\" name=\"_wpcf7_locale\" value=\"en_US\" \/>\n<input type=\"hidden\" name=\"_wpcf7_unit_tag\" value=\"wpcf7-f14-o1\" \/>\n<input type=\"hidden\" name=\"_wpcf7_container_post\" value=\"0\" \/>\n<input type=\"hidden\" name=\"_wpcf7_posted_data_hash\" value=\"\" \/>\n<\/div>\n<div class=\"qodef-contact-page\">\n    <span class=\"wpcf7-form-control-wrap first-name\"><input type=\"text\" name=\"first-name\" value=\"\" size=\"40\" class=\"wpcf7-form-control wpcf7-text wpcf7-validates-as-required\" aria-required=\"true\" aria-invalid=\"false\" placeholder=\"Vardas\" \/><\/span><br \/>\n    <span class=\"wpcf7-form-control-wrap last-name\"><input type=\"text\" name=\"last-name\" value=\"\" size=\"40\" class=\"wpcf7-form-control wpcf7-text wpcf7-validates-as-required\" aria-required=\"true\" aria-invalid=\"false\" placeholder=\"Pavard\u0117\" \/><\/span><br \/>\n    <span class=\"wpcf7-form-control-wrap your-email\"><input type=\"email\" name=\"your-email\" value=\"\" size=\"40\" class=\"wpcf7-form-control wpcf7-text wpcf7-email wpcf7-validates-as-required wpcf7-validates-as-email\" aria-required=\"true\" aria-invalid=\"false\" placeholder=\"J\u016bs\u0173 el. pa\u0161tas\" \/><\/span><br \/>\n    <span class=\"wpcf7-form-control-wrap your-phone\"><input type=\"text\" name=\"your-phone\" value=\"\" size=\"40\" class=\"wpcf7-form-control wpcf7-text\" aria-invalid=\"false\" placeholder=\"Telefonas\" \/><\/span><br \/>\n    <span class=\"wpcf7-form-control-wrap your-message\"><textarea name=\"your-message\" cols=\"40\" rows=\"6\" class=\"wpcf7-form-control wpcf7-textarea\" aria-invalid=\"false\" placeholder=\"\u017dinut\u0117\"><\/textarea><\/span><br \/>\n    <button type=\"submit\" class=\"wpcf7-form-control wpcf7-submit qodef-button qodef-size--normal qodef-type--filled qodef-m\"><span class=\"qodef-m-text\">Si\u0173sti \u017einut\u0119<\/span><\/button>\n<\/div>\n<div class=\"wpcf7-response-output\" aria-hidden=\"true\"><\/div><\/form><\/div>\t\t\t<\/div>\n\t\t\t\t\t<\/div>\n\t\t\t\t<\/div>\n\t\t\t\t\t\t<\/div>\n\t\t\t\t\t<\/div>\n\t\t<\/div>\n\t\t\t\t\t\t\t\t<\/div>\n\t\t\t\t\t<\/div>\n\t\t<\/section>\n\t\t\t\t\t\t<\/div>\n\t\t\t\t\t\t<\/div>\n\t\t\t\t\t<\/div>\n\t\t","protected":false},"excerpt":{"rendered":"<p>MB Ecosertifikuota Susisiekite su mumis<\/p>\n","protected":false},"author":1,"featured_media":0,"parent":0,"menu_order":0,"comment_status":"closed","ping_status":"closed","template":"page-full-width.php","meta":{"footnotes":""},"class_list":["post-1319","page","type-page","status-publish","hentry"],"yoast_head":"<!-- This site is optimized with the Yoast SEO plugin v23.7 - https:\/\/yoast.com\/wordpress\/plugins\/seo\/ -->\n<title>Kontaktai - honeybuddies.eu<\/title>\n<meta name=\"robots\" content=\"index, follow, max-snippet:-1, max-image-preview:large, max-video-preview:-1\" \/>\n<link rel=\"canonical\" href=\"https:\/\/honeybuddies.eu\/dev\/kontaktai\/\" \/>\n<meta property=\"og:locale\" content=\"lt_LT\" \/>\n<meta property=\"og:type\" content=\"article\" \/>\n<meta property=\"og:title\" content=\"Kontaktai - honeybuddies.eu\" \/>\n<meta property=\"og:description\" content=\"MB Ecosertifikuota Susisiekite su mumis\" \/>\n<meta property=\"og:url\" content=\"https:\/\/honeybuddies.eu\/dev\/kontaktai\/\" \/>\n<meta property=\"og:site_name\" content=\"honeybuddies.eu\" \/>\n<meta property=\"article:modified_time\" content=\"2021-01-23T18:07:21+00:00\" \/>\n<meta property=\"og:image\" content=\"http:\/\/honeybuddies.eu\/dev\/wp-content\/uploads\/2020\/11\/31E4D2D6-1E7E-48DF-B5C0-009E070596E8.png\" \/>\n<meta name=\"twitter:card\" content=\"summary_large_image\" \/>\n<script type=\"application\/ld+json\" class=\"yoast-schema-graph\">{\"@context\":\"https:\/\/schema.org\",\"@graph\":[{\"@type\":\"WebPage\",\"@id\":\"https:\/\/honeybuddies.eu\/dev\/kontaktai\/\",\"url\":\"https:\/\/honeybuddies.eu\/dev\/kontaktai\/\",\"name\":\"Kontaktai - honeybuddies.eu\",\"isPartOf\":{\"@id\":\"https:\/\/honeybuddies.eu\/dev\/#website\"},\"primaryImageOfPage\":{\"@id\":\"https:\/\/honeybuddies.eu\/dev\/kontaktai\/#primaryimage\"},\"image\":{\"@id\":\"https:\/\/honeybuddies.eu\/dev\/kontaktai\/#primaryimage\"},\"thumbnailUrl\":\"http:\/\/honeybuddies.eu\/dev\/wp-content\/uploads\/2020\/11\/31E4D2D6-1E7E-48DF-B5C0-009E070596E8.png\",\"datePublished\":\"2020-05-13T10:15:38+00:00\",\"dateModified\":\"2021-01-23T18:07:21+00:00\",\"breadcrumb\":{\"@id\":\"https:\/\/honeybuddies.eu\/dev\/kontaktai\/#breadcrumb\"},\"inLanguage\":\"lt-LT\",\"potentialAction\":[{\"@type\":\"ReadAction\",\"target\":[\"https:\/\/honeybuddies.eu\/dev\/kontaktai\/\"]}]},{\"@type\":\"ImageObject\",\"inLanguage\":\"lt-LT\",\"@id\":\"https:\/\/honeybuddies.eu\/dev\/kontaktai\/#primaryimage\",\"url\":\"http:\/\/honeybuddies.eu\/dev\/wp-content\/uploads\/2020\/11\/31E4D2D6-1E7E-48DF-B5C0-009E070596E8.png\",\"contentUrl\":\"http:\/\/honeybuddies.eu\/dev\/wp-content\/uploads\/2020\/11\/31E4D2D6-1E7E-48DF-B5C0-009E070596E8.png\"},{\"@type\":\"BreadcrumbList\",\"@id\":\"https:\/\/honeybuddies.eu\/dev\/kontaktai\/#breadcrumb\",\"itemListElement\":[{\"@type\":\"ListItem\",\"position\":1,\"name\":\"Home\",\"item\":\"https:\/\/honeybuddies.eu\/dev\/\"},{\"@type\":\"ListItem\",\"position\":2,\"name\":\"Kontaktai\"}]},{\"@type\":\"WebSite\",\"@id\":\"https:\/\/honeybuddies.eu\/dev\/#website\",\"url\":\"https:\/\/honeybuddies.eu\/dev\/\",\"name\":\"honeybuddies.eu\",\"description\":\"Honey buddies\",\"potentialAction\":[{\"@type\":\"SearchAction\",\"target\":{\"@type\":\"EntryPoint\",\"urlTemplate\":\"https:\/\/honeybuddies.eu\/dev\/?s={search_term_string}\"},\"query-input\":{\"@type\":\"PropertyValueSpecification\",\"valueRequired\":true,\"valueName\":\"search_term_string\"}}],\"inLanguage\":\"lt-LT\"}]}<\/script>\n<!-- \/ Yoast SEO plugin. -->","yoast_head_json":{"title":"Kontaktai - honeybuddies.eu","robots":{"index":"index","follow":"follow","max-snippet":"max-snippet:-1","max-image-preview":"max-image-preview:large","max-video-preview":"max-video-preview:-1"},"canonical":"https:\/\/honeybuddies.eu\/dev\/kontaktai\/","og_locale":"lt_LT","og_type":"article","og_title":"Kontaktai - honeybuddies.eu","og_description":"MB Ecosertifikuota Susisiekite su mumis","og_url":"https:\/\/honeybuddies.eu\/dev\/kontaktai\/","og_site_name":"honeybuddies.eu","article_modified_time":"2021-01-23T18:07:21+00:00","og_image":[{"url":"http:\/\/honeybuddies.eu\/dev\/wp-content\/uploads\/2020\/11\/31E4D2D6-1E7E-48DF-B5C0-009E070596E8.png"}],"twitter_card":"summary_large_image","schema":{"@context":"https:\/\/schema.org","@graph":[{"@type":"WebPage","@id":"https:\/\/honeybuddies.eu\/dev\/kontaktai\/","url":"https:\/\/honeybuddies.eu\/dev\/kontaktai\/","name":"Kontaktai - honeybuddies.eu","isPartOf":{"@id":"https:\/\/honeybuddies.eu\/dev\/#website"},"primaryImageOfPage":{"@id":"https:\/\/honeybuddies.eu\/dev\/kontaktai\/#primaryimage"},"image":{"@id":"https:\/\/honeybuddies.eu\/dev\/kontaktai\/#primaryimage"},"thumbnailUrl":"http:\/\/honeybuddies.eu\/dev\/wp-content\/uploads\/2020\/11\/31E4D2D6-1E7E-48DF-B5C0-009E070596E8.png","datePublished":"2020-05-13T10:15:38+00:00","dateModified":"2021-01-23T18:07:21+00:00","breadcrumb":{"@id":"https:\/\/honeybuddies.eu\/dev\/kontaktai\/#breadcrumb"},"inLanguage":"lt-LT","potentialAction":[{"@type":"ReadAction","target":["https:\/\/honeybuddies.eu\/dev\/kontaktai\/"]}]},{"@type":"ImageObject","inLanguage":"lt-LT","@id":"https:\/\/honeybuddies.eu\/dev\/kontaktai\/#primaryimage","url":"http:\/\/honeybuddies.eu\/dev\/wp-content\/uploads\/2020\/11\/31E4D2D6-1E7E-48DF-B5C0-009E070596E8.png","contentUrl":"http:\/\/honeybuddies.eu\/dev\/wp-content\/uploads\/2020\/11\/31E4D2D6-1E7E-48DF-B5C0-009E070596E8.png"},{"@type":"BreadcrumbList","@id":"https:\/\/honeybuddies.eu\/dev\/kontaktai\/#breadcrumb","itemListElement":[{"@type":"ListItem","position":1,"name":"Home","item":"https:\/\/honeybuddies.eu\/dev\/"},{"@type":"ListItem","position":2,"name":"Kontaktai"}]},{"@type":"WebSite","@id":"https:\/\/honeybuddies.eu\/dev\/#website","url":"https:\/\/honeybuddies.eu\/dev\/","name":"honeybuddies.eu","description":"Honey buddies","potentialAction":[{"@type":"SearchAction","target":{"@type":"EntryPoint","urlTemplate":"https:\/\/honeybuddies.eu\/dev\/?s={search_term_string}"},"query-input":{"@type":"PropertyValueSpecification","valueRequired":true,"valueName":"search_term_string"}}],"inLanguage":"lt-LT"}]}},"_links":{"self":[{"href":"https:\/\/honeybuddies.eu\/dev\/wp-json\/wp\/v2\/pages\/1319"}],"collection":[{"href":"https:\/\/honeybuddies.eu\/dev\/wp-json\/wp\/v2\/pages"}],"about":[{"href":"https:\/\/honeybuddies.eu\/dev\/wp-json\/wp\/v2\/types\/page"}],"author":[{"embeddable":true,"href":"https:\/\/honeybuddies.eu\/dev\/wp-json\/wp\/v2\/users\/1"}],"replies":[{"embeddable":true,"href":"https:\/\/honeybuddies.eu\/dev\/wp-json\/wp\/v2\/comments?post=1319"}],"version-history":[{"count":14,"href":"https:\/\/honeybuddies.eu\/dev\/wp-json\/wp\/v2\/pages\/1319\/revisions"}],"predecessor-version":[{"id":3234,"href":"https:\/\/honeybuddies.eu\/dev\/wp-json\/wp\/v2\/pages\/1319\/revisions\/3234"}],"wp:attachment":[{"href":"https:\/\/honeybuddies.eu\/dev\/wp-json\/wp\/v2\/media?parent=1319"}],"curies":[{"name":"wp","href":"https:\/\/api.w.org\/{rel}","templated":true}]}}