{"id":805,"date":"2020-04-28T10:12:46","date_gmt":"2020-04-28T07:12:46","guid":{"rendered":"https:\/\/mellifera.qodeinteractive.com\/?page_id=805"},"modified":"2021-01-23T15:22:02","modified_gmt":"2021-01-23T12:22:02","slug":"tinklarastis","status":"publish","type":"page","link":"https:\/\/honeybuddies.eu\/dev\/tinklarastis\/","title":{"rendered":"Tinklara\u0161tis"},"content":{"rendered":"\t\t<div data-elementor-type=\"wp-page\" data-elementor-id=\"805\" class=\"elementor elementor-805\" data-elementor-settings=\"[]\">\n\t\t\t\t\t\t<div class=\"elementor-inner\">\n\t\t\t\t\t\t\t<div class=\"elementor-section-wrap\">\n\t\t\t\t\t\t\t<section class=\"elementor-section elementor-top-section elementor-element elementor-element-a7adfc4 qodef-elementor-content-grid elementor-section-full_width qodef-full-width-680 elementor-section-height-default elementor-section-height-default qodef-bees-holder-no qodef-section-backgrounds-animation-no\" data-id=\"a7adfc4\" data-element_type=\"section\">\n\t\t\t\t\t\t<div class=\"elementor-container elementor-column-gap-default\">\n\t\t\t\t\t\t\t<div class=\"elementor-row\">\n\t\t\t\t\t<div class=\"elementor-column elementor-col-100 elementor-top-column elementor-element elementor-element-e1276f1\" data-id=\"e1276f1\" data-element_type=\"column\">\n\t\t\t<div class=\"elementor-column-wrap elementor-element-populated\">\n\t\t\t\t\t\t\t<div class=\"elementor-widget-wrap\">\n\t\t\t\t\t\t<div class=\"elementor-element elementor-element-87c6418 elementor-widget elementor-widget-wp-widget-mellifera_core_blog_list\" data-id=\"87c6418\" data-element_type=\"widget\" data-widget_type=\"wp-widget-mellifera_core_blog_list.default\">\n\t\t\t\t<div class=\"elementor-widget-container\">\n\t\t\t<div class=\"qodef-shortcode qodef-m  qodef-blog qodef--list qodef-item-layout--standard  qodef-grid qodef-layout--masonry  qodef-gutter--small qodef-col-num--3 qodef-item-layout--standard qodef-pagination--on qodef-pagination-type--load-more qodef-responsive--predefined\" data-options=\"{&quot;plugin&quot;:&quot;mellifera_core&quot;,&quot;module&quot;:&quot;blog\\\/shortcodes&quot;,&quot;shortcode&quot;:&quot;blog-list&quot;,&quot;post_type&quot;:&quot;post&quot;,&quot;next_page&quot;:&quot;2&quot;,&quot;max_pages_num&quot;:1,&quot;behavior&quot;:&quot;masonry&quot;,&quot;images_proportion&quot;:&quot;full&quot;,&quot;columns&quot;:&quot;3&quot;,&quot;columns_responsive&quot;:&quot;predefined&quot;,&quot;columns_1440&quot;:&quot;3&quot;,&quot;columns_1366&quot;:&quot;3&quot;,&quot;columns_1024&quot;:&quot;3&quot;,&quot;columns_768&quot;:&quot;3&quot;,&quot;columns_680&quot;:&quot;3&quot;,&quot;columns_480&quot;:&quot;3&quot;,&quot;space&quot;:&quot;small&quot;,&quot;posts_per_page&quot;:&quot;9&quot;,&quot;orderby&quot;:&quot;date&quot;,&quot;order&quot;:&quot;DESC&quot;,&quot;tax&quot;:&quot;category&quot;,&quot;tax_slug&quot;:&quot;unfiltered-honey&quot;,&quot;layout&quot;:&quot;standard&quot;,&quot;title_tag&quot;:&quot;h4&quot;,&quot;text_transform&quot;:&quot;uppercase&quot;,&quot;excerpt_length&quot;:&quot;140&quot;,&quot;pagination_type&quot;:&quot;load-more&quot;,&quot;object_class_name&quot;:&quot;MelliferaCoreBlogListShortcode&quot;,&quot;taxonomy_filter&quot;:&quot;category&quot;,&quot;space_value&quot;:10}\">\n\t\t<div class=\"qodef-grid-inner clear\">\n\t\t\t<div class=\"qodef-grid-masonry-sizer\"><\/div>\n\t<div class=\"qodef-grid-masonry-gutter\"><\/div>\n<article class=\"qodef-e qodef-blog-item qodef-grid-item post-1396 post type-post status-publish format-standard has-post-thumbnail hentry category-medus\">\n\t<div class=\"qodef-e-inner\">\n\t\t<div class=\"qodef-e-media\">\n\t\t<div class=\"qodef-e-media-image\">\n\t\t<a itemprop=\"url\" href=\"https:\/\/honeybuddies.eu\/dev\/zalias-medus\/\">\n\t\t\t<img loading=\"lazy\" decoding=\"async\" width=\"1300\" height=\"902\" src=\"https:\/\/honeybuddies.eu\/dev\/wp-content\/uploads\/2021\/01\/Untitled-design-26.png\" class=\"attachment-full size-full\" alt=\"\" srcset=\"https:\/\/honeybuddies.eu\/dev\/wp-content\/uploads\/2021\/01\/Untitled-design-26.png 1300w, https:\/\/honeybuddies.eu\/dev\/wp-content\/uploads\/2021\/01\/Untitled-design-26-300x208.png 300w, https:\/\/honeybuddies.eu\/dev\/wp-content\/uploads\/2021\/01\/Untitled-design-26-1024x710.png 1024w, https:\/\/honeybuddies.eu\/dev\/wp-content\/uploads\/2021\/01\/Untitled-design-26-768x533.png 768w, https:\/\/honeybuddies.eu\/dev\/wp-content\/uploads\/2021\/01\/Untitled-design-26-600x416.png 600w\" sizes=\"(max-width: 1300px) 100vw, 1300px\" \/>\t\t<\/a>\n\t<\/div>\n<\/div>\t\t<div class=\"qodef-e-content\">\n\t\t\t<div class=\"qodef-e-info qodef-info--top\">\n\t\t\t\t<div itemprop=\"dateCreated\" class=\"qodef-e-info-item qodef-e-info-date entry-date \">\n\t<a itemprop=\"url\" href=\"https:\/\/honeybuddies.eu\/dev\/2021\/01\/\">2021-01-21<\/a>\n\t<meta itemprop=\"interactionCount\" content=\"UserComments: 0\"\/>\n<\/div><div class=\"qodef-e-info-item qodef-e-info-author\">\n\t<span class=\"qodef-e-info-author-label\">by<\/span>\n\t<a itemprop=\"author\" class=\"qodef-e-info-author-link\" href=\"https:\/\/honeybuddies.eu\/dev\/author\/rasa\/\">\n\t\tRasa Mikeniene\t<\/a>\n<\/div><div class=\"qodef-e-info-item qodef-e-info-category\">\n\tin\t<a href=\"https:\/\/honeybuddies.eu\/dev\/category\/medus\/\" rel=\"category tag\">Medus<\/a><\/div>\t<div class=\"qodef-e-info-item qodef-blog-like\">\n\t\t<a href=\"#\" class=\"qodef-like\" id=\"qodef-like-1396-434\" title=\"Like this\" data-post-id=\"1396\"><span class=\"qodef-icon-fontkiko kikos kiko-heart-symbol qodef-icon qodef-e\"><\/span><span> 2 Likes<\/span><input type=\"hidden\" id=\"qodef_like_nonce_1396\" name=\"qodef_like_nonce_1396\" value=\"8aade84a76\" \/><input type=\"hidden\" name=\"_wp_http_referer\" value=\"\/dev\/wp-json\/wp\/v2\/pages\/805\" \/><\/a>\t<\/div>\n\t\t\t<\/div>\n\t\t\t<div class=\"qodef-e-text\">\n\t\t\t\t<h4 itemprop=\"name\" class=\"qodef-e-title entry-title\">\n\t\t\t<a itemprop=\"url\" class=\"qodef-e-title-link\" href=\"https:\/\/honeybuddies.eu\/dev\/zalias-medus\/\">\n\t\t\tYra tokia s\u0105voka &#8211; &#8222;\u017dalias medus&#8221;\t\t\t<\/a>\n\t<\/h4>\t\t<p itemprop=\"description\" class=\"qodef-e-excerpt\">\n\t\t\tYra tokia s\u0105voka &#8211; &#8222;\u017dalias medus&#8221;, kuri\u0105 i\u0161gird\u0119 nat\u016braliai susim\u0105stome, kas tai. &#8222;\u017dalias medus&#8221;, kita\t\t<\/p>\n\t\t<div class=\"qodef-e-read-more\">\n\t\t<a class=\"qodef-shortcode qodef-m  qodef-button qodef-layout--filled qodef-size--small qodef-html--link\" href=\"https:\/\/honeybuddies.eu\/dev\/zalias-medus\/\" target=\"_self\" data-hover-background-color=\"#d19e4b\" style=\"background-color: #d3a863\">\t<span class=\"qodef-m-text\">Read More<\/span><\/a>\t<\/div>\n\t\t\t<\/div>\n\t\t\t<div class=\"qodef-e-info qodef-info--bottom\">\n\t\t\t\t<div class=\"qodef-e-info-left\">\n\t\t\t\t\t\t<div class=\"qodef-e-read-more\">\n\t\t<a class=\"qodef-shortcode qodef-m  qodef-button qodef-layout--filled qodef-size--small qodef-html--link\" href=\"https:\/\/honeybuddies.eu\/dev\/zalias-medus\/\" target=\"_self\" data-hover-background-color=\"#d19e4b\" style=\"background-color: #d3a863\">\t<span class=\"qodef-m-text\">Read More<\/span><\/a>\t<\/div>\n\t\t\t\t<\/div>\n\t\t\t\t<div class=\"qodef-e-info-right\">\n\t\t\t\t\t\t\t\t\t<\/div>\n\t\t\t<\/div>\n\t\t<\/div>\n\t<\/div>\n<\/article>\n<article class=\"qodef-e qodef-blog-item qodef-grid-item post-1307 post type-post status-publish format-standard has-post-thumbnail hentry category-kosmetika\">\n\t<div class=\"qodef-e-inner\">\n\t\t<div class=\"qodef-e-media\">\n\t\t<div class=\"qodef-e-media-image\">\n\t\t<a itemprop=\"url\" href=\"https:\/\/honeybuddies.eu\/dev\/naturalios-kosmetikos-nauda\/\">\n\t\t\t<img loading=\"lazy\" decoding=\"async\" width=\"1300\" height=\"902\" src=\"https:\/\/honeybuddies.eu\/dev\/wp-content\/uploads\/2021\/01\/Untitled-design-35.png\" class=\"attachment-full size-full wp-post-image\" alt=\"\" srcset=\"https:\/\/honeybuddies.eu\/dev\/wp-content\/uploads\/2021\/01\/Untitled-design-35.png 1300w, https:\/\/honeybuddies.eu\/dev\/wp-content\/uploads\/2021\/01\/Untitled-design-35-300x208.png 300w, https:\/\/honeybuddies.eu\/dev\/wp-content\/uploads\/2021\/01\/Untitled-design-35-1024x710.png 1024w, https:\/\/honeybuddies.eu\/dev\/wp-content\/uploads\/2021\/01\/Untitled-design-35-768x533.png 768w, https:\/\/honeybuddies.eu\/dev\/wp-content\/uploads\/2021\/01\/Untitled-design-35-600x416.png 600w\" sizes=\"(max-width: 1300px) 100vw, 1300px\" \/>\t\t<\/a>\n\t<\/div>\n<\/div>\t\t<div class=\"qodef-e-content\">\n\t\t\t<div class=\"qodef-e-info qodef-info--top\">\n\t\t\t\t<div itemprop=\"dateCreated\" class=\"qodef-e-info-item qodef-e-info-date entry-date \">\n\t<a itemprop=\"url\" href=\"https:\/\/honeybuddies.eu\/dev\/2021\/01\/\">2021-01-21<\/a>\n\t<meta itemprop=\"interactionCount\" content=\"UserComments: 0\"\/>\n<\/div><div class=\"qodef-e-info-item qodef-e-info-author\">\n\t<span class=\"qodef-e-info-author-label\">by<\/span>\n\t<a itemprop=\"author\" class=\"qodef-e-info-author-link\" href=\"https:\/\/honeybuddies.eu\/dev\/author\/rasa\/\">\n\t\tRasa Mikeniene\t<\/a>\n<\/div><div class=\"qodef-e-info-item qodef-e-info-category\">\n\tin\t<a href=\"https:\/\/honeybuddies.eu\/dev\/category\/kosmetika\/\" rel=\"category tag\">Kosmetika<\/a><\/div>\t<div class=\"qodef-e-info-item qodef-blog-like\">\n\t\t<a href=\"#\" class=\"qodef-like\" id=\"qodef-like-1307-989\" title=\"Like this\" data-post-id=\"1307\"><span class=\"qodef-icon-fontkiko kikos kiko-heart-symbol qodef-icon qodef-e\"><\/span><span> 1 Like<\/span><input type=\"hidden\" id=\"qodef_like_nonce_1307\" name=\"qodef_like_nonce_1307\" value=\"aec27d4c1b\" \/><input type=\"hidden\" name=\"_wp_http_referer\" value=\"\/dev\/wp-json\/wp\/v2\/pages\/805\" \/><\/a>\t<\/div>\n\t\t\t<\/div>\n\t\t\t<div class=\"qodef-e-text\">\n\t\t\t\t<h4 itemprop=\"name\" class=\"qodef-e-title entry-title\">\n\t\t\t<a itemprop=\"url\" class=\"qodef-e-title-link\" href=\"https:\/\/honeybuddies.eu\/dev\/naturalios-kosmetikos-nauda\/\">\n\t\t\tNat\u016bralios kosmetikos nauda\t\t\t<\/a>\n\t<\/h4>\t\t<p itemprop=\"description\" class=\"qodef-e-excerpt\">\n\t\t\t\u0160iandien rinkoje yra begal\u0117s \u012fvairiausi\u0173 odos prie\u017ei\u016bros produkt\u0173. Vieni i\u0161 j\u0173 yra sintetiniai, o kiti &#8211; nat\u016bral\u016bs. Pastaru\t\t<\/p>\n\t\t<div class=\"qodef-e-read-more\">\n\t\t<a class=\"qodef-shortcode qodef-m  qodef-button qodef-layout--filled qodef-size--small qodef-html--link\" href=\"https:\/\/honeybuddies.eu\/dev\/naturalios-kosmetikos-nauda\/\" target=\"_self\" data-hover-background-color=\"#d19e4b\" style=\"background-color: #d3a863\">\t<span class=\"qodef-m-text\">Read More<\/span><\/a>\t<\/div>\n\t\t\t<\/div>\n\t\t\t<div class=\"qodef-e-info qodef-info--bottom\">\n\t\t\t\t<div class=\"qodef-e-info-left\">\n\t\t\t\t\t\t<div class=\"qodef-e-read-more\">\n\t\t<a class=\"qodef-shortcode qodef-m  qodef-button qodef-layout--filled qodef-size--small qodef-html--link\" href=\"https:\/\/honeybuddies.eu\/dev\/naturalios-kosmetikos-nauda\/\" target=\"_self\" data-hover-background-color=\"#d19e4b\" style=\"background-color: #d3a863\">\t<span class=\"qodef-m-text\">Read More<\/span><\/a>\t<\/div>\n\t\t\t\t<\/div>\n\t\t\t\t<div class=\"qodef-e-info-right\">\n\t\t\t\t\t\t\t\t\t<\/div>\n\t\t\t<\/div>\n\t\t<\/div>\n\t<\/div>\n<\/article>\n<article class=\"qodef-e qodef-blog-item qodef-grid-item post-790 post type-post status-publish format-standard has-post-thumbnail hentry category-biciu-vasko-zvakes\">\n\t<div class=\"qodef-e-inner\">\n\t\t<div class=\"qodef-e-media\">\n\t\t<div class=\"qodef-e-media-image\">\n\t\t<a itemprop=\"url\" href=\"https:\/\/honeybuddies.eu\/dev\/biciu-vasko-zvakes\/\">\n\t\t\t<img loading=\"lazy\" decoding=\"async\" width=\"1300\" height=\"902\" src=\"https:\/\/honeybuddies.eu\/dev\/wp-content\/uploads\/2021\/01\/Untitled-design-25.png\" class=\"attachment-full size-full\" alt=\"\" srcset=\"https:\/\/honeybuddies.eu\/dev\/wp-content\/uploads\/2021\/01\/Untitled-design-25.png 1300w, https:\/\/honeybuddies.eu\/dev\/wp-content\/uploads\/2021\/01\/Untitled-design-25-300x208.png 300w, https:\/\/honeybuddies.eu\/dev\/wp-content\/uploads\/2021\/01\/Untitled-design-25-1024x710.png 1024w, https:\/\/honeybuddies.eu\/dev\/wp-content\/uploads\/2021\/01\/Untitled-design-25-768x533.png 768w, https:\/\/honeybuddies.eu\/dev\/wp-content\/uploads\/2021\/01\/Untitled-design-25-600x416.png 600w\" sizes=\"(max-width: 1300px) 100vw, 1300px\" \/>\t\t<\/a>\n\t<\/div>\n<\/div>\t\t<div class=\"qodef-e-content\">\n\t\t\t<div class=\"qodef-e-info qodef-info--top\">\n\t\t\t\t<div itemprop=\"dateCreated\" class=\"qodef-e-info-item qodef-e-info-date entry-date \">\n\t<a itemprop=\"url\" href=\"https:\/\/honeybuddies.eu\/dev\/2021\/01\/\">2021-01-20<\/a>\n\t<meta itemprop=\"interactionCount\" content=\"UserComments: 0\"\/>\n<\/div><div class=\"qodef-e-info-item qodef-e-info-author\">\n\t<span class=\"qodef-e-info-author-label\">by<\/span>\n\t<a itemprop=\"author\" class=\"qodef-e-info-author-link\" href=\"https:\/\/honeybuddies.eu\/dev\/author\/rasa\/\">\n\t\tRasa Mikeniene\t<\/a>\n<\/div><div class=\"qodef-e-info-item qodef-e-info-category\">\n\tin\t<a href=\"https:\/\/honeybuddies.eu\/dev\/category\/biciu-vasko-zvakes\/\" rel=\"category tag\">Bi\u010di\u0173 va\u0161ko \u017evak\u0117s<\/a><\/div>\t<div class=\"qodef-e-info-item qodef-blog-like\">\n\t\t<a href=\"#\" class=\"qodef-like\" id=\"qodef-like-790-917\" title=\"Like this\" data-post-id=\"790\"><span class=\"qodef-icon-fontkiko kikos kiko-heart-symbol qodef-icon qodef-e\"><\/span><span> 1 Like<\/span><input type=\"hidden\" id=\"qodef_like_nonce_790\" name=\"qodef_like_nonce_790\" value=\"e7e64f63d7\" \/><input type=\"hidden\" name=\"_wp_http_referer\" value=\"\/dev\/wp-json\/wp\/v2\/pages\/805\" \/><\/a>\t<\/div>\n\t\t\t<\/div>\n\t\t\t<div class=\"qodef-e-text\">\n\t\t\t\t<h4 itemprop=\"name\" class=\"qodef-e-title entry-title\">\n\t\t\t<a itemprop=\"url\" class=\"qodef-e-title-link\" href=\"https:\/\/honeybuddies.eu\/dev\/biciu-vasko-zvakes\/\">\n\t\t\tBi\u010di\u0173 va\u0161ko \u017evak\u0117s\t\t\t<\/a>\n\t<\/h4>\t\t<p itemprop=\"description\" class=\"qodef-e-excerpt\">\n\t\t\tMes, moterys, neretai ne\u012fsivaizduojame gyvenimo be karts nuo karto namuose degan\u010di\u0173 ir jaukum\u0105 kurian\u010di\u0173 \u017evaki\u0173. J\u0173 \u012fvairov\u0117 i\u0161t\t\t<\/p>\n\t\t<div class=\"qodef-e-read-more\">\n\t\t<a class=\"qodef-shortcode qodef-m  qodef-button qodef-layout--filled qodef-size--small qodef-html--link\" href=\"https:\/\/honeybuddies.eu\/dev\/biciu-vasko-zvakes\/\" target=\"_self\" data-hover-background-color=\"#d19e4b\" style=\"background-color: #d3a863\">\t<span class=\"qodef-m-text\">Read More<\/span><\/a>\t<\/div>\n\t\t\t<\/div>\n\t\t\t<div class=\"qodef-e-info qodef-info--bottom\">\n\t\t\t\t<div class=\"qodef-e-info-left\">\n\t\t\t\t\t\t<div class=\"qodef-e-read-more\">\n\t\t<a class=\"qodef-shortcode qodef-m  qodef-button qodef-layout--filled qodef-size--small qodef-html--link\" href=\"https:\/\/honeybuddies.eu\/dev\/biciu-vasko-zvakes\/\" target=\"_self\" data-hover-background-color=\"#d19e4b\" style=\"background-color: #d3a863\">\t<span class=\"qodef-m-text\">Read More<\/span><\/a>\t<\/div>\n\t\t\t\t<\/div>\n\t\t\t\t<div class=\"qodef-e-info-right\">\n\t\t\t\t\t\t\t\t\t<\/div>\n\t\t\t<\/div>\n\t\t<\/div>\n\t<\/div>\n<\/article>\n<article class=\"qodef-e qodef-blog-item qodef-grid-item post-1394 post type-post status-publish format-standard has-post-thumbnail hentry category-kosmetika\">\n\t<div class=\"qodef-e-inner\">\n\t\t<div class=\"qodef-e-media\">\n\t\t<div class=\"qodef-e-media-image\">\n\t\t<a itemprop=\"url\" href=\"https:\/\/honeybuddies.eu\/dev\/kosmetika\/\">\n\t\t\t<img loading=\"lazy\" decoding=\"async\" width=\"1300\" height=\"902\" src=\"https:\/\/honeybuddies.eu\/dev\/wp-content\/uploads\/2021\/01\/Untitled-design-31.png\" class=\"attachment-full size-full\" alt=\"\" srcset=\"https:\/\/honeybuddies.eu\/dev\/wp-content\/uploads\/2021\/01\/Untitled-design-31.png 1300w, https:\/\/honeybuddies.eu\/dev\/wp-content\/uploads\/2021\/01\/Untitled-design-31-300x208.png 300w, https:\/\/honeybuddies.eu\/dev\/wp-content\/uploads\/2021\/01\/Untitled-design-31-1024x710.png 1024w, https:\/\/honeybuddies.eu\/dev\/wp-content\/uploads\/2021\/01\/Untitled-design-31-768x533.png 768w, https:\/\/honeybuddies.eu\/dev\/wp-content\/uploads\/2021\/01\/Untitled-design-31-600x416.png 600w\" sizes=\"(max-width: 1300px) 100vw, 1300px\" \/>\t\t<\/a>\n\t<\/div>\n<\/div>\t\t<div class=\"qodef-e-content\">\n\t\t\t<div class=\"qodef-e-info qodef-info--top\">\n\t\t\t\t<div itemprop=\"dateCreated\" class=\"qodef-e-info-item qodef-e-info-date entry-date \">\n\t<a itemprop=\"url\" href=\"https:\/\/honeybuddies.eu\/dev\/2021\/01\/\">2021-01-14<\/a>\n\t<meta itemprop=\"interactionCount\" content=\"UserComments: 0\"\/>\n<\/div><div class=\"qodef-e-info-item qodef-e-info-author\">\n\t<span class=\"qodef-e-info-author-label\">by<\/span>\n\t<a itemprop=\"author\" class=\"qodef-e-info-author-link\" href=\"https:\/\/honeybuddies.eu\/dev\/author\/rasa\/\">\n\t\tRasa Mikeniene\t<\/a>\n<\/div><div class=\"qodef-e-info-item qodef-e-info-category\">\n\tin\t<a href=\"https:\/\/honeybuddies.eu\/dev\/category\/kosmetika\/\" rel=\"category tag\">Kosmetika<\/a><\/div>\t<div class=\"qodef-e-info-item qodef-blog-like\">\n\t\t<a href=\"#\" class=\"qodef-like\" id=\"qodef-like-1394-799\" title=\"Like this\" data-post-id=\"1394\"><span class=\"qodef-icon-fontkiko kikos kiko-heart-symbol qodef-icon qodef-e\"><\/span><span> 1 Like<\/span><input type=\"hidden\" id=\"qodef_like_nonce_1394\" name=\"qodef_like_nonce_1394\" value=\"4b9c03007c\" \/><input type=\"hidden\" name=\"_wp_http_referer\" value=\"\/dev\/wp-json\/wp\/v2\/pages\/805\" \/><\/a>\t<\/div>\n\t\t\t<\/div>\n\t\t\t<div class=\"qodef-e-text\">\n\t\t\t\t<h4 itemprop=\"name\" class=\"qodef-e-title entry-title\">\n\t\t\t<a itemprop=\"url\" class=\"qodef-e-title-link\" href=\"https:\/\/honeybuddies.eu\/dev\/kosmetika\/\">\n\t\t\tTeisinga veido prie\u017ei\u016bros rutina\t\t\t<\/a>\n\t<\/h4>\t\t<p itemprop=\"description\" class=\"qodef-e-excerpt\">\n\t\t\tTurb\u016bt visos sutiksime, kad spindinti ir \u0161vari veido oda &#8211; m\u016bs\u0173 sveikatos ir d\u0117mesio sau atspindys. Vis d\u0117lto, kartais d\u0117l darb\t\t<\/p>\n\t\t<div class=\"qodef-e-read-more\">\n\t\t<a class=\"qodef-shortcode qodef-m  qodef-button qodef-layout--filled qodef-size--small qodef-html--link\" href=\"https:\/\/honeybuddies.eu\/dev\/kosmetika\/\" target=\"_self\" data-hover-background-color=\"#d19e4b\" style=\"background-color: #d3a863\">\t<span class=\"qodef-m-text\">Read More<\/span><\/a>\t<\/div>\n\t\t\t<\/div>\n\t\t\t<div class=\"qodef-e-info qodef-info--bottom\">\n\t\t\t\t<div class=\"qodef-e-info-left\">\n\t\t\t\t\t\t<div class=\"qodef-e-read-more\">\n\t\t<a class=\"qodef-shortcode qodef-m  qodef-button qodef-layout--filled qodef-size--small qodef-html--link\" href=\"https:\/\/honeybuddies.eu\/dev\/kosmetika\/\" target=\"_self\" data-hover-background-color=\"#d19e4b\" style=\"background-color: #d3a863\">\t<span class=\"qodef-m-text\">Read More<\/span><\/a>\t<\/div>\n\t\t\t\t<\/div>\n\t\t\t\t<div class=\"qodef-e-info-right\">\n\t\t\t\t\t\t\t\t\t<\/div>\n\t\t\t<\/div>\n\t\t<\/div>\n\t<\/div>\n<\/article>\n\t<\/div>\n\t<\/div>\t\t<\/div>\n\t\t\t\t<\/div>\n\t\t\t\t\t\t<\/div>\n\t\t\t\t\t<\/div>\n\t\t<\/div>\n\t\t\t\t\t\t\t\t<\/div>\n\t\t\t\t\t<\/div>\n\t\t<\/section>\n\t\t\t\t\t\t<\/div>\n\t\t\t\t\t\t<\/div>\n\t\t\t\t\t<\/div>\n\t\t","protected":false},"excerpt":{"rendered":"","protected":false},"author":1,"featured_media":0,"parent":0,"menu_order":0,"comment_status":"closed","ping_status":"closed","template":"","meta":{"footnotes":""},"class_list":["post-805","page","type-page","status-publish","hentry"],"yoast_head":"<!-- This site is optimized with the Yoast SEO plugin v23.7 - https:\/\/yoast.com\/wordpress\/plugins\/seo\/ -->\n<title>Tinklara\u0161tis - honeybuddies.eu<\/title>\n<meta name=\"robots\" content=\"index, follow, max-snippet:-1, max-image-preview:large, max-video-preview:-1\" \/>\n<link rel=\"canonical\" href=\"https:\/\/honeybuddies.eu\/dev\/tinklarastis\/\" \/>\n<meta property=\"og:locale\" content=\"lt_LT\" \/>\n<meta property=\"og:type\" content=\"article\" \/>\n<meta property=\"og:title\" content=\"Tinklara\u0161tis - honeybuddies.eu\" \/>\n<meta property=\"og:url\" content=\"https:\/\/honeybuddies.eu\/dev\/tinklarastis\/\" \/>\n<meta property=\"og:site_name\" content=\"honeybuddies.eu\" \/>\n<meta property=\"article:modified_time\" content=\"2021-01-23T12:22:02+00:00\" \/>\n<meta name=\"twitter:card\" content=\"summary_large_image\" \/>\n<script type=\"application\/ld+json\" class=\"yoast-schema-graph\">{\"@context\":\"https:\/\/schema.org\",\"@graph\":[{\"@type\":\"WebPage\",\"@id\":\"https:\/\/honeybuddies.eu\/dev\/tinklarastis\/\",\"url\":\"https:\/\/honeybuddies.eu\/dev\/tinklarastis\/\",\"name\":\"Tinklara\u0161tis - honeybuddies.eu\",\"isPartOf\":{\"@id\":\"https:\/\/honeybuddies.eu\/dev\/#website\"},\"datePublished\":\"2020-04-28T07:12:46+00:00\",\"dateModified\":\"2021-01-23T12:22:02+00:00\",\"breadcrumb\":{\"@id\":\"https:\/\/honeybuddies.eu\/dev\/tinklarastis\/#breadcrumb\"},\"inLanguage\":\"lt-LT\",\"potentialAction\":[{\"@type\":\"ReadAction\",\"target\":[\"https:\/\/honeybuddies.eu\/dev\/tinklarastis\/\"]}]},{\"@type\":\"BreadcrumbList\",\"@id\":\"https:\/\/honeybuddies.eu\/dev\/tinklarastis\/#breadcrumb\",\"itemListElement\":[{\"@type\":\"ListItem\",\"position\":1,\"name\":\"Home\",\"item\":\"https:\/\/honeybuddies.eu\/dev\/\"},{\"@type\":\"ListItem\",\"position\":2,\"name\":\"Tinklara\u0161tis\"}]},{\"@type\":\"WebSite\",\"@id\":\"https:\/\/honeybuddies.eu\/dev\/#website\",\"url\":\"https:\/\/honeybuddies.eu\/dev\/\",\"name\":\"honeybuddies.eu\",\"description\":\"Honey buddies\",\"potentialAction\":[{\"@type\":\"SearchAction\",\"target\":{\"@type\":\"EntryPoint\",\"urlTemplate\":\"https:\/\/honeybuddies.eu\/dev\/?s={search_term_string}\"},\"query-input\":{\"@type\":\"PropertyValueSpecification\",\"valueRequired\":true,\"valueName\":\"search_term_string\"}}],\"inLanguage\":\"lt-LT\"}]}<\/script>\n<!-- \/ Yoast SEO plugin. -->","yoast_head_json":{"title":"Tinklara\u0161tis - honeybuddies.eu","robots":{"index":"index","follow":"follow","max-snippet":"max-snippet:-1","max-image-preview":"max-image-preview:large","max-video-preview":"max-video-preview:-1"},"canonical":"https:\/\/honeybuddies.eu\/dev\/tinklarastis\/","og_locale":"lt_LT","og_type":"article","og_title":"Tinklara\u0161tis - honeybuddies.eu","og_url":"https:\/\/honeybuddies.eu\/dev\/tinklarastis\/","og_site_name":"honeybuddies.eu","article_modified_time":"2021-01-23T12:22:02+00:00","twitter_card":"summary_large_image","schema":{"@context":"https:\/\/schema.org","@graph":[{"@type":"WebPage","@id":"https:\/\/honeybuddies.eu\/dev\/tinklarastis\/","url":"https:\/\/honeybuddies.eu\/dev\/tinklarastis\/","name":"Tinklara\u0161tis - honeybuddies.eu","isPartOf":{"@id":"https:\/\/honeybuddies.eu\/dev\/#website"},"datePublished":"2020-04-28T07:12:46+00:00","dateModified":"2021-01-23T12:22:02+00:00","breadcrumb":{"@id":"https:\/\/honeybuddies.eu\/dev\/tinklarastis\/#breadcrumb"},"inLanguage":"lt-LT","potentialAction":[{"@type":"ReadAction","target":["https:\/\/honeybuddies.eu\/dev\/tinklarastis\/"]}]},{"@type":"BreadcrumbList","@id":"https:\/\/honeybuddies.eu\/dev\/tinklarastis\/#breadcrumb","itemListElement":[{"@type":"ListItem","position":1,"name":"Home","item":"https:\/\/honeybuddies.eu\/dev\/"},{"@type":"ListItem","position":2,"name":"Tinklara\u0161tis"}]},{"@type":"WebSite","@id":"https:\/\/honeybuddies.eu\/dev\/#website","url":"https:\/\/honeybuddies.eu\/dev\/","name":"honeybuddies.eu","description":"Honey buddies","potentialAction":[{"@type":"SearchAction","target":{"@type":"EntryPoint","urlTemplate":"https:\/\/honeybuddies.eu\/dev\/?s={search_term_string}"},"query-input":{"@type":"PropertyValueSpecification","valueRequired":true,"valueName":"search_term_string"}}],"inLanguage":"lt-LT"}]}},"_links":{"self":[{"href":"https:\/\/honeybuddies.eu\/dev\/wp-json\/wp\/v2\/pages\/805"}],"collection":[{"href":"https:\/\/honeybuddies.eu\/dev\/wp-json\/wp\/v2\/pages"}],"about":[{"href":"https:\/\/honeybuddies.eu\/dev\/wp-json\/wp\/v2\/types\/page"}],"author":[{"embeddable":true,"href":"https:\/\/honeybuddies.eu\/dev\/wp-json\/wp\/v2\/users\/1"}],"replies":[{"embeddable":true,"href":"https:\/\/honeybuddies.eu\/dev\/wp-json\/wp\/v2\/comments?post=805"}],"version-history":[{"count":14,"href":"https:\/\/honeybuddies.eu\/dev\/wp-json\/wp\/v2\/pages\/805\/revisions"}],"predecessor-version":[{"id":3164,"href":"https:\/\/honeybuddies.eu\/dev\/wp-json\/wp\/v2\/pages\/805\/revisions\/3164"}],"wp:attachment":[{"href":"https:\/\/honeybuddies.eu\/dev\/wp-json\/wp\/v2\/media?parent=805"}],"curies":[{"name":"wp","href":"https:\/\/api.w.org\/{rel}","templated":true}]}}