{"id":2905,"date":"2020-10-24T19:12:43","date_gmt":"2020-10-24T16:12:43","guid":{"rendered":"http:\/\/honeybuddies.eu\/dev\/?post_type=product&#038;p=2905"},"modified":"2020-11-25T00:03:10","modified_gmt":"2020-11-24T21:03:10","slug":"honey-buddies-medus","status":"publish","type":"product","link":"https:\/\/honeybuddies.eu\/dev\/parduotuve\/honey-buddies-medus\/","title":{"rendered":"Honey buddies Medus"},"content":{"rendered":"\t\t<div data-elementor-type=\"wp-post\" data-elementor-id=\"2905\" class=\"elementor elementor-2905\" data-elementor-settings=\"[]\">\n\t\t\t\t\t\t<div class=\"elementor-inner\">\n\t\t\t\t\t\t\t<div class=\"elementor-section-wrap\">\n\t\t\t\t\t\t\t<section class=\"elementor-section elementor-top-section elementor-element elementor-element-9503c0c qodef-elementor-content-grid elementor-section-boxed elementor-section-height-default elementor-section-height-default qodef-bees-holder-no qodef-section-backgrounds-animation-no\" data-id=\"9503c0c\" data-element_type=\"section\">\n\t\t\t\t\t\t<div class=\"elementor-container elementor-column-gap-default\">\n\t\t\t\t\t\t\t<div class=\"elementor-row\">\n\t\t\t\t\t<div class=\"elementor-column elementor-col-100 elementor-top-column elementor-element elementor-element-398ec0c\" data-id=\"398ec0c\" data-element_type=\"column\">\n\t\t\t<div class=\"elementor-column-wrap elementor-element-populated\">\n\t\t\t\t\t\t\t<div class=\"elementor-widget-wrap\">\n\t\t\t\t\t\t<div class=\"elementor-element elementor-element-d32268f elementor-widget elementor-widget-text-editor\" data-id=\"d32268f\" data-element_type=\"widget\" data-widget_type=\"text-editor.default\">\n\t\t\t\t<div class=\"elementor-widget-container\">\n\t\t\t\t\t<div class=\"elementor-text-editor elementor-clearfix\"><p>Lorem ipsum dolor sit amet, consectetur adipiscing elit, sed do eiusmod tempor incididunt ut labore et dolore magna aliqua. Ut enim ad minim veniam, quis nostrud exercitation ullamco laboris nisi ut aliquip ex ea commodo consequat. Duis aute irure dolor in reprehenderit in voluptate velit esse cillum dolore eu fugiat nulla pariatur. Excepteur sint occaecat cupidatat non proident, sunt in culpa qui officia deserunt mollit anim id est laborum. Lorem ipsum dolor sit amet, consectetur adipiscing elit, sed do eiusmod tempor incididunt ut labore.<\/p><\/div>\n\t\t\t\t<\/div>\n\t\t\t\t<\/div>\n\t\t\t\t\t\t<\/div>\n\t\t\t\t\t<\/div>\n\t\t<\/div>\n\t\t\t\t\t\t\t\t<\/div>\n\t\t\t\t\t<\/div>\n\t\t<\/section>\n\t\t\t\t\t\t<\/div>\n\t\t\t\t\t\t<\/div>\n\t\t\t\t\t<\/div>\n\t\t","protected":false},"excerpt":{"rendered":"<p><span style=\"font-weight: 400;\">Nat\u016braliame, termi\u0161kai neapdorotame meduje yra:<\/span><\/p>\n<p><span style=\"font-weight: 400;\">Ma\u017edaug 20 vitamin\u0173<\/span><\/p>\n<p><span style=\"font-weight: 400;\">18 aminor\u016bg\u0161\u010di\u0173<\/span><\/p>\n<p><span style=\"font-weight: 400;\">16 mineral\u0173<\/span><\/p>\n<p><span style=\"font-weight: 400;\">Antioksidant\u0173<\/span><\/p>\n<p><b>Nat\u016bralus medus turi antibakterini\u0173, antivirusini\u0173 ir prie\u0161grybelini\u0173 savybi\u0173<\/b><span style=\"font-weight: 400;\">.<\/span><\/p>\n<p><span style=\"font-weight: 400;\">Ant sutir\u0161t\u0117jusio medaus pavir\u0161iaus susiformavusi balta gliukoz\u0117s plutel\u0117 yra gero medaus po\u017eymis. <\/span><\/p>\n<p><b>SVARBU<\/b><span style=\"font-weight: 400;\"> dirbtinis ir pakaitintas medus netir\u0161t\u0117ja!!<\/span><\/p>\n<p><b>Laikymo s\u0105lygos:<\/b><\/p>\n<p><span style=\"font-weight: 400;\">Laikyti ne auk\u0161tesn\u0117je nei 25\u00b0C temperat\u016broje, saugoti nuo tiesiogini\u0173 saul\u0117s spinduli\u0173 ir dr\u0117gm\u0117s<\/span><\/p>\n<p><b>Kiekis: <\/b><span style=\"font-weight: 400;\">1kg.<\/span><\/p>\n<p>&nbsp;<\/p>\n","protected":false},"featured_media":3026,"comment_status":"open","ping_status":"closed","template":"","meta":[],"class_list":["post-2905","product","type-product","status-publish","has-post-thumbnail","hentry","product_cat-biciu-produktai","product_cat-naturalus_medus"],"yoast_head":"<!-- This site is optimized with the Yoast SEO plugin v23.7 - https:\/\/yoast.com\/wordpress\/plugins\/seo\/ -->\n<title>Honey buddies Medus - honeybuddies.eu<\/title>\n<meta name=\"robots\" content=\"index, follow, max-snippet:-1, max-image-preview:large, max-video-preview:-1\" \/>\n<link rel=\"canonical\" href=\"https:\/\/honeybuddies.eu\/dev\/parduotuve\/honey-buddies-medus\/\" \/>\n<meta property=\"og:locale\" content=\"lt_LT\" \/>\n<meta property=\"og:type\" content=\"article\" \/>\n<meta property=\"og:title\" content=\"Honey buddies Medus - honeybuddies.eu\" \/>\n<meta property=\"og:description\" content=\"Nat\u016braliame, termi\u0161kai neapdorotame meduje yra:  Ma\u017edaug 20 vitamin\u0173  18 aminor\u016bg\u0161\u010di\u0173  16 mineral\u0173  Antioksidant\u0173  Nat\u016bralus medus turi antibakterini\u0173, antivirusini\u0173 ir prie\u0161grybelini\u0173 savybi\u0173.  Ant sutir\u0161t\u0117jusio medaus pavir\u0161iaus susiformavusi balta gliukoz\u0117s plutel\u0117 yra gero medaus po\u017eymis.   SVARBU dirbtinis ir pakaitintas medus netir\u0161t\u0117ja!!  Laikymo s\u0105lygos:  Laikyti ne auk\u0161tesn\u0117je nei 25\u00b0C temperat\u016broje, saugoti nuo tiesiogini\u0173 saul\u0117s spinduli\u0173 ir dr\u0117gm\u0117s  Kiekis: 1kg.  &nbsp;\" \/>\n<meta property=\"og:url\" content=\"https:\/\/honeybuddies.eu\/dev\/parduotuve\/honey-buddies-medus\/\" \/>\n<meta property=\"og:site_name\" content=\"honeybuddies.eu\" \/>\n<meta property=\"article:modified_time\" content=\"2020-11-24T21:03:10+00:00\" \/>\n<meta property=\"og:image\" content=\"https:\/\/honeybuddies.eu\/dev\/wp-content\/uploads\/2020\/10\/791A692C-6B6F-4EBD-BC10-9CBDD81301CD.png\" \/>\n\t<meta property=\"og:image:width\" content=\"2000\" \/>\n\t<meta property=\"og:image:height\" content=\"2000\" \/>\n\t<meta property=\"og:image:type\" content=\"image\/png\" \/>\n<meta name=\"twitter:card\" content=\"summary_large_image\" \/>\n<script type=\"application\/ld+json\" class=\"yoast-schema-graph\">{\"@context\":\"https:\/\/schema.org\",\"@graph\":[{\"@type\":\"WebPage\",\"@id\":\"https:\/\/honeybuddies.eu\/dev\/parduotuve\/honey-buddies-medus\/\",\"url\":\"https:\/\/honeybuddies.eu\/dev\/parduotuve\/honey-buddies-medus\/\",\"name\":\"Honey buddies Medus - honeybuddies.eu\",\"isPartOf\":{\"@id\":\"https:\/\/honeybuddies.eu\/dev\/#website\"},\"primaryImageOfPage\":{\"@id\":\"https:\/\/honeybuddies.eu\/dev\/parduotuve\/honey-buddies-medus\/#primaryimage\"},\"image\":{\"@id\":\"https:\/\/honeybuddies.eu\/dev\/parduotuve\/honey-buddies-medus\/#primaryimage\"},\"thumbnailUrl\":\"https:\/\/honeybuddies.eu\/dev\/wp-content\/uploads\/2020\/10\/791A692C-6B6F-4EBD-BC10-9CBDD81301CD.png\",\"datePublished\":\"2020-10-24T16:12:43+00:00\",\"dateModified\":\"2020-11-24T21:03:10+00:00\",\"breadcrumb\":{\"@id\":\"https:\/\/honeybuddies.eu\/dev\/parduotuve\/honey-buddies-medus\/#breadcrumb\"},\"inLanguage\":\"lt-LT\",\"potentialAction\":[{\"@type\":\"ReadAction\",\"target\":[\"https:\/\/honeybuddies.eu\/dev\/parduotuve\/honey-buddies-medus\/\"]}]},{\"@type\":\"ImageObject\",\"inLanguage\":\"lt-LT\",\"@id\":\"https:\/\/honeybuddies.eu\/dev\/parduotuve\/honey-buddies-medus\/#primaryimage\",\"url\":\"https:\/\/honeybuddies.eu\/dev\/wp-content\/uploads\/2020\/10\/791A692C-6B6F-4EBD-BC10-9CBDD81301CD.png\",\"contentUrl\":\"https:\/\/honeybuddies.eu\/dev\/wp-content\/uploads\/2020\/10\/791A692C-6B6F-4EBD-BC10-9CBDD81301CD.png\",\"width\":2000,\"height\":2000},{\"@type\":\"BreadcrumbList\",\"@id\":\"https:\/\/honeybuddies.eu\/dev\/parduotuve\/honey-buddies-medus\/#breadcrumb\",\"itemListElement\":[{\"@type\":\"ListItem\",\"position\":1,\"name\":\"Home\",\"item\":\"https:\/\/honeybuddies.eu\/dev\/\"},{\"@type\":\"ListItem\",\"position\":2,\"name\":\"Parduotuv\u0117\",\"item\":\"https:\/\/honeybuddies.eu\/dev\/parduotuve\/\"},{\"@type\":\"ListItem\",\"position\":3,\"name\":\"Honey buddies Medus\"}]},{\"@type\":\"WebSite\",\"@id\":\"https:\/\/honeybuddies.eu\/dev\/#website\",\"url\":\"https:\/\/honeybuddies.eu\/dev\/\",\"name\":\"honeybuddies.eu\",\"description\":\"Honey buddies\",\"potentialAction\":[{\"@type\":\"SearchAction\",\"target\":{\"@type\":\"EntryPoint\",\"urlTemplate\":\"https:\/\/honeybuddies.eu\/dev\/?s={search_term_string}\"},\"query-input\":{\"@type\":\"PropertyValueSpecification\",\"valueRequired\":true,\"valueName\":\"search_term_string\"}}],\"inLanguage\":\"lt-LT\"}]}<\/script>\n<!-- \/ Yoast SEO plugin. -->","yoast_head_json":{"title":"Honey buddies Medus - honeybuddies.eu","robots":{"index":"index","follow":"follow","max-snippet":"max-snippet:-1","max-image-preview":"max-image-preview:large","max-video-preview":"max-video-preview:-1"},"canonical":"https:\/\/honeybuddies.eu\/dev\/parduotuve\/honey-buddies-medus\/","og_locale":"lt_LT","og_type":"article","og_title":"Honey buddies Medus - honeybuddies.eu","og_description":"Nat\u016braliame, termi\u0161kai neapdorotame meduje yra:  Ma\u017edaug 20 vitamin\u0173  18 aminor\u016bg\u0161\u010di\u0173  16 mineral\u0173  Antioksidant\u0173  Nat\u016bralus medus turi antibakterini\u0173, antivirusini\u0173 ir prie\u0161grybelini\u0173 savybi\u0173.  Ant sutir\u0161t\u0117jusio medaus pavir\u0161iaus susiformavusi balta gliukoz\u0117s plutel\u0117 yra gero medaus po\u017eymis.   SVARBU dirbtinis ir pakaitintas medus netir\u0161t\u0117ja!!  Laikymo s\u0105lygos:  Laikyti ne auk\u0161tesn\u0117je nei 25\u00b0C temperat\u016broje, saugoti nuo tiesiogini\u0173 saul\u0117s spinduli\u0173 ir dr\u0117gm\u0117s  Kiekis: 1kg.  &nbsp;","og_url":"https:\/\/honeybuddies.eu\/dev\/parduotuve\/honey-buddies-medus\/","og_site_name":"honeybuddies.eu","article_modified_time":"2020-11-24T21:03:10+00:00","og_image":[{"width":2000,"height":2000,"url":"https:\/\/honeybuddies.eu\/dev\/wp-content\/uploads\/2020\/10\/791A692C-6B6F-4EBD-BC10-9CBDD81301CD.png","type":"image\/png"}],"twitter_card":"summary_large_image","schema":{"@context":"https:\/\/schema.org","@graph":[{"@type":"WebPage","@id":"https:\/\/honeybuddies.eu\/dev\/parduotuve\/honey-buddies-medus\/","url":"https:\/\/honeybuddies.eu\/dev\/parduotuve\/honey-buddies-medus\/","name":"Honey buddies Medus - honeybuddies.eu","isPartOf":{"@id":"https:\/\/honeybuddies.eu\/dev\/#website"},"primaryImageOfPage":{"@id":"https:\/\/honeybuddies.eu\/dev\/parduotuve\/honey-buddies-medus\/#primaryimage"},"image":{"@id":"https:\/\/honeybuddies.eu\/dev\/parduotuve\/honey-buddies-medus\/#primaryimage"},"thumbnailUrl":"https:\/\/honeybuddies.eu\/dev\/wp-content\/uploads\/2020\/10\/791A692C-6B6F-4EBD-BC10-9CBDD81301CD.png","datePublished":"2020-10-24T16:12:43+00:00","dateModified":"2020-11-24T21:03:10+00:00","breadcrumb":{"@id":"https:\/\/honeybuddies.eu\/dev\/parduotuve\/honey-buddies-medus\/#breadcrumb"},"inLanguage":"lt-LT","potentialAction":[{"@type":"ReadAction","target":["https:\/\/honeybuddies.eu\/dev\/parduotuve\/honey-buddies-medus\/"]}]},{"@type":"ImageObject","inLanguage":"lt-LT","@id":"https:\/\/honeybuddies.eu\/dev\/parduotuve\/honey-buddies-medus\/#primaryimage","url":"https:\/\/honeybuddies.eu\/dev\/wp-content\/uploads\/2020\/10\/791A692C-6B6F-4EBD-BC10-9CBDD81301CD.png","contentUrl":"https:\/\/honeybuddies.eu\/dev\/wp-content\/uploads\/2020\/10\/791A692C-6B6F-4EBD-BC10-9CBDD81301CD.png","width":2000,"height":2000},{"@type":"BreadcrumbList","@id":"https:\/\/honeybuddies.eu\/dev\/parduotuve\/honey-buddies-medus\/#breadcrumb","itemListElement":[{"@type":"ListItem","position":1,"name":"Home","item":"https:\/\/honeybuddies.eu\/dev\/"},{"@type":"ListItem","position":2,"name":"Parduotuv\u0117","item":"https:\/\/honeybuddies.eu\/dev\/parduotuve\/"},{"@type":"ListItem","position":3,"name":"Honey buddies Medus"}]},{"@type":"WebSite","@id":"https:\/\/honeybuddies.eu\/dev\/#website","url":"https:\/\/honeybuddies.eu\/dev\/","name":"honeybuddies.eu","description":"Honey buddies","potentialAction":[{"@type":"SearchAction","target":{"@type":"EntryPoint","urlTemplate":"https:\/\/honeybuddies.eu\/dev\/?s={search_term_string}"},"query-input":{"@type":"PropertyValueSpecification","valueRequired":true,"valueName":"search_term_string"}}],"inLanguage":"lt-LT"}]}},"_links":{"self":[{"href":"https:\/\/honeybuddies.eu\/dev\/wp-json\/wp\/v2\/product\/2905"}],"collection":[{"href":"https:\/\/honeybuddies.eu\/dev\/wp-json\/wp\/v2\/product"}],"about":[{"href":"https:\/\/honeybuddies.eu\/dev\/wp-json\/wp\/v2\/types\/product"}],"replies":[{"embeddable":true,"href":"https:\/\/honeybuddies.eu\/dev\/wp-json\/wp\/v2\/comments?post=2905"}],"wp:featuredmedia":[{"embeddable":true,"href":"https:\/\/honeybuddies.eu\/dev\/wp-json\/wp\/v2\/media\/3026"}],"wp:attachment":[{"href":"https:\/\/honeybuddies.eu\/dev\/wp-json\/wp\/v2\/media?parent=2905"}],"curies":[{"name":"wp","href":"https:\/\/api.w.org\/{rel}","templated":true}]}}