{"id":2963,"date":"2020-11-24T20:47:29","date_gmt":"2020-11-24T17:47:29","guid":{"rendered":"http:\/\/honeybuddies.eu\/dev\/?post_type=product&#038;p=2963"},"modified":"2020-11-27T18:23:17","modified_gmt":"2020-11-27T15:23:17","slug":"naturalus-ranku-darbo-muilas-su-biciu-pikiu","status":"publish","type":"product","link":"https:\/\/honeybuddies.eu\/dev\/parduotuve\/naturalus-ranku-darbo-muilas-su-biciu-pikiu\/","title":{"rendered":"Nat\u016bralus rank\u0173 darbo muilas su bi\u010di\u0173 pikiu"},"content":{"rendered":"","protected":false},"excerpt":{"rendered":"<p><span style=\"font-weight: 400;\">M\u016bs\u0173 rank\u0173 darbo muilai pagaminti naudojant \u012fvairiausius nat\u016bralius aliejus, d\u017eiovintas vaista\u017eoles. Muiluose naudojame m\u016bs\u0173 bityne surinkt\u0105 med\u0173, bi\u010di\u0173 pik\u012f bei kitas verting\u0105sias med\u017eiagas.<\/span><\/p>\n<p><span style=\"font-weight: 400;\">\u00a0<\/span><\/p>\n<p><span style=\"font-weight: 400;\">M\u016bs\u0173 muile nerasite da\u017e\u0173, sintetini\u0173 kvap\u0173, konservant\u0173 ir kit\u0173 sveikatai kenkian\u010di\u0173 sudedam\u0173j\u0173 dali\u0173.<\/span><\/p>\n<p>&nbsp;<\/p>\n<p><b>Ingredients: <\/b><span style=\"font-weight: 400;\">Sodium Shea Butterate (saponifikuotas sviestmed\u017ei\u0173 aliejus), Sodium Cocoate (saponifikuotas kokos\u0173 aliejus), Sodium Olivate (saponifikuotas alyvuogi\u0173 aliejus), Coffea Arabica Seed Powder (malta kava)\/Extract of propolis wax (bi\u010di\u0173 pikis), Mel (medus), Fragrance.<\/span><\/p>\n<p>&nbsp;<\/p>\n<p><b>Kiekis 100g.<\/b><\/p>\n","protected":false},"featured_media":3034,"comment_status":"open","ping_status":"closed","template":"","meta":[],"class_list":["post-2963","product","type-product","status-publish","has-post-thumbnail","hentry","product_cat-kunui"],"yoast_head":"<!-- This site is optimized with the Yoast SEO plugin v23.7 - https:\/\/yoast.com\/wordpress\/plugins\/seo\/ -->\n<title>Nat\u016bralus rank\u0173 darbo muilas su bi\u010di\u0173 pikiu - honeybuddies.eu<\/title>\n<meta name=\"robots\" content=\"index, follow, max-snippet:-1, max-image-preview:large, max-video-preview:-1\" \/>\n<link rel=\"canonical\" href=\"https:\/\/honeybuddies.eu\/dev\/parduotuve\/naturalus-ranku-darbo-muilas-su-biciu-pikiu\/\" \/>\n<meta property=\"og:locale\" content=\"lt_LT\" \/>\n<meta property=\"og:type\" content=\"article\" \/>\n<meta property=\"og:title\" content=\"Nat\u016bralus rank\u0173 darbo muilas su bi\u010di\u0173 pikiu - honeybuddies.eu\" \/>\n<meta property=\"og:description\" content=\"M\u016bs\u0173 rank\u0173 darbo muilai pagaminti naudojant \u012fvairiausius nat\u016bralius aliejus, d\u017eiovintas vaista\u017eoles. Muiluose naudojame m\u016bs\u0173 bityne surinkt\u0105 med\u0173, bi\u010di\u0173 pik\u012f bei kitas verting\u0105sias med\u017eiagas.  \u00a0  M\u016bs\u0173 muile nerasite da\u017e\u0173, sintetini\u0173 kvap\u0173, konservant\u0173 ir kit\u0173 sveikatai kenkian\u010di\u0173 sudedam\u0173j\u0173 dali\u0173.  &nbsp;  Ingredients: Sodium Shea Butterate (saponifikuotas sviestmed\u017ei\u0173 aliejus), Sodium Cocoate (saponifikuotas kokos\u0173 aliejus), Sodium Olivate (saponifikuotas alyvuogi\u0173 aliejus), Coffea Arabica Seed Powder (malta kava)\/Extract of propolis wax (bi\u010di\u0173 pikis), Mel (medus), Fragrance.  &nbsp;  Kiekis 100g.\" \/>\n<meta property=\"og:url\" content=\"https:\/\/honeybuddies.eu\/dev\/parduotuve\/naturalus-ranku-darbo-muilas-su-biciu-pikiu\/\" \/>\n<meta property=\"og:site_name\" content=\"honeybuddies.eu\" \/>\n<meta property=\"article:modified_time\" content=\"2020-11-27T15:23:17+00:00\" \/>\n<meta property=\"og:image\" content=\"https:\/\/honeybuddies.eu\/dev\/wp-content\/uploads\/2020\/11\/AE3BEF39-31EF-496F-BDFE-CABFF3415882.png\" \/>\n\t<meta property=\"og:image:width\" content=\"2000\" \/>\n\t<meta property=\"og:image:height\" content=\"2000\" \/>\n\t<meta property=\"og:image:type\" content=\"image\/png\" \/>\n<meta name=\"twitter:card\" content=\"summary_large_image\" \/>\n<script type=\"application\/ld+json\" class=\"yoast-schema-graph\">{\"@context\":\"https:\/\/schema.org\",\"@graph\":[{\"@type\":\"WebPage\",\"@id\":\"https:\/\/honeybuddies.eu\/dev\/parduotuve\/naturalus-ranku-darbo-muilas-su-biciu-pikiu\/\",\"url\":\"https:\/\/honeybuddies.eu\/dev\/parduotuve\/naturalus-ranku-darbo-muilas-su-biciu-pikiu\/\",\"name\":\"Nat\u016bralus rank\u0173 darbo muilas su bi\u010di\u0173 pikiu - honeybuddies.eu\",\"isPartOf\":{\"@id\":\"https:\/\/honeybuddies.eu\/dev\/#website\"},\"primaryImageOfPage\":{\"@id\":\"https:\/\/honeybuddies.eu\/dev\/parduotuve\/naturalus-ranku-darbo-muilas-su-biciu-pikiu\/#primaryimage\"},\"image\":{\"@id\":\"https:\/\/honeybuddies.eu\/dev\/parduotuve\/naturalus-ranku-darbo-muilas-su-biciu-pikiu\/#primaryimage\"},\"thumbnailUrl\":\"https:\/\/honeybuddies.eu\/dev\/wp-content\/uploads\/2020\/11\/AE3BEF39-31EF-496F-BDFE-CABFF3415882.png\",\"datePublished\":\"2020-11-24T17:47:29+00:00\",\"dateModified\":\"2020-11-27T15:23:17+00:00\",\"breadcrumb\":{\"@id\":\"https:\/\/honeybuddies.eu\/dev\/parduotuve\/naturalus-ranku-darbo-muilas-su-biciu-pikiu\/#breadcrumb\"},\"inLanguage\":\"lt-LT\",\"potentialAction\":[{\"@type\":\"ReadAction\",\"target\":[\"https:\/\/honeybuddies.eu\/dev\/parduotuve\/naturalus-ranku-darbo-muilas-su-biciu-pikiu\/\"]}]},{\"@type\":\"ImageObject\",\"inLanguage\":\"lt-LT\",\"@id\":\"https:\/\/honeybuddies.eu\/dev\/parduotuve\/naturalus-ranku-darbo-muilas-su-biciu-pikiu\/#primaryimage\",\"url\":\"https:\/\/honeybuddies.eu\/dev\/wp-content\/uploads\/2020\/11\/AE3BEF39-31EF-496F-BDFE-CABFF3415882.png\",\"contentUrl\":\"https:\/\/honeybuddies.eu\/dev\/wp-content\/uploads\/2020\/11\/AE3BEF39-31EF-496F-BDFE-CABFF3415882.png\",\"width\":2000,\"height\":2000},{\"@type\":\"BreadcrumbList\",\"@id\":\"https:\/\/honeybuddies.eu\/dev\/parduotuve\/naturalus-ranku-darbo-muilas-su-biciu-pikiu\/#breadcrumb\",\"itemListElement\":[{\"@type\":\"ListItem\",\"position\":1,\"name\":\"Home\",\"item\":\"https:\/\/honeybuddies.eu\/dev\/\"},{\"@type\":\"ListItem\",\"position\":2,\"name\":\"Parduotuv\u0117\",\"item\":\"https:\/\/honeybuddies.eu\/dev\/parduotuve\/\"},{\"@type\":\"ListItem\",\"position\":3,\"name\":\"Nat\u016bralus rank\u0173 darbo muilas su bi\u010di\u0173 pikiu\"}]},{\"@type\":\"WebSite\",\"@id\":\"https:\/\/honeybuddies.eu\/dev\/#website\",\"url\":\"https:\/\/honeybuddies.eu\/dev\/\",\"name\":\"honeybuddies.eu\",\"description\":\"Honey buddies\",\"potentialAction\":[{\"@type\":\"SearchAction\",\"target\":{\"@type\":\"EntryPoint\",\"urlTemplate\":\"https:\/\/honeybuddies.eu\/dev\/?s={search_term_string}\"},\"query-input\":{\"@type\":\"PropertyValueSpecification\",\"valueRequired\":true,\"valueName\":\"search_term_string\"}}],\"inLanguage\":\"lt-LT\"}]}<\/script>\n<!-- \/ Yoast SEO plugin. -->","yoast_head_json":{"title":"Nat\u016bralus rank\u0173 darbo muilas su bi\u010di\u0173 pikiu - honeybuddies.eu","robots":{"index":"index","follow":"follow","max-snippet":"max-snippet:-1","max-image-preview":"max-image-preview:large","max-video-preview":"max-video-preview:-1"},"canonical":"https:\/\/honeybuddies.eu\/dev\/parduotuve\/naturalus-ranku-darbo-muilas-su-biciu-pikiu\/","og_locale":"lt_LT","og_type":"article","og_title":"Nat\u016bralus rank\u0173 darbo muilas su bi\u010di\u0173 pikiu - honeybuddies.eu","og_description":"M\u016bs\u0173 rank\u0173 darbo muilai pagaminti naudojant \u012fvairiausius nat\u016bralius aliejus, d\u017eiovintas vaista\u017eoles. Muiluose naudojame m\u016bs\u0173 bityne surinkt\u0105 med\u0173, bi\u010di\u0173 pik\u012f bei kitas verting\u0105sias med\u017eiagas.  \u00a0  M\u016bs\u0173 muile nerasite da\u017e\u0173, sintetini\u0173 kvap\u0173, konservant\u0173 ir kit\u0173 sveikatai kenkian\u010di\u0173 sudedam\u0173j\u0173 dali\u0173.  &nbsp;  Ingredients: Sodium Shea Butterate (saponifikuotas sviestmed\u017ei\u0173 aliejus), Sodium Cocoate (saponifikuotas kokos\u0173 aliejus), Sodium Olivate (saponifikuotas alyvuogi\u0173 aliejus), Coffea Arabica Seed Powder (malta kava)\/Extract of propolis wax (bi\u010di\u0173 pikis), Mel (medus), Fragrance.  &nbsp;  Kiekis 100g.","og_url":"https:\/\/honeybuddies.eu\/dev\/parduotuve\/naturalus-ranku-darbo-muilas-su-biciu-pikiu\/","og_site_name":"honeybuddies.eu","article_modified_time":"2020-11-27T15:23:17+00:00","og_image":[{"width":2000,"height":2000,"url":"https:\/\/honeybuddies.eu\/dev\/wp-content\/uploads\/2020\/11\/AE3BEF39-31EF-496F-BDFE-CABFF3415882.png","type":"image\/png"}],"twitter_card":"summary_large_image","schema":{"@context":"https:\/\/schema.org","@graph":[{"@type":"WebPage","@id":"https:\/\/honeybuddies.eu\/dev\/parduotuve\/naturalus-ranku-darbo-muilas-su-biciu-pikiu\/","url":"https:\/\/honeybuddies.eu\/dev\/parduotuve\/naturalus-ranku-darbo-muilas-su-biciu-pikiu\/","name":"Nat\u016bralus rank\u0173 darbo muilas su bi\u010di\u0173 pikiu - honeybuddies.eu","isPartOf":{"@id":"https:\/\/honeybuddies.eu\/dev\/#website"},"primaryImageOfPage":{"@id":"https:\/\/honeybuddies.eu\/dev\/parduotuve\/naturalus-ranku-darbo-muilas-su-biciu-pikiu\/#primaryimage"},"image":{"@id":"https:\/\/honeybuddies.eu\/dev\/parduotuve\/naturalus-ranku-darbo-muilas-su-biciu-pikiu\/#primaryimage"},"thumbnailUrl":"https:\/\/honeybuddies.eu\/dev\/wp-content\/uploads\/2020\/11\/AE3BEF39-31EF-496F-BDFE-CABFF3415882.png","datePublished":"2020-11-24T17:47:29+00:00","dateModified":"2020-11-27T15:23:17+00:00","breadcrumb":{"@id":"https:\/\/honeybuddies.eu\/dev\/parduotuve\/naturalus-ranku-darbo-muilas-su-biciu-pikiu\/#breadcrumb"},"inLanguage":"lt-LT","potentialAction":[{"@type":"ReadAction","target":["https:\/\/honeybuddies.eu\/dev\/parduotuve\/naturalus-ranku-darbo-muilas-su-biciu-pikiu\/"]}]},{"@type":"ImageObject","inLanguage":"lt-LT","@id":"https:\/\/honeybuddies.eu\/dev\/parduotuve\/naturalus-ranku-darbo-muilas-su-biciu-pikiu\/#primaryimage","url":"https:\/\/honeybuddies.eu\/dev\/wp-content\/uploads\/2020\/11\/AE3BEF39-31EF-496F-BDFE-CABFF3415882.png","contentUrl":"https:\/\/honeybuddies.eu\/dev\/wp-content\/uploads\/2020\/11\/AE3BEF39-31EF-496F-BDFE-CABFF3415882.png","width":2000,"height":2000},{"@type":"BreadcrumbList","@id":"https:\/\/honeybuddies.eu\/dev\/parduotuve\/naturalus-ranku-darbo-muilas-su-biciu-pikiu\/#breadcrumb","itemListElement":[{"@type":"ListItem","position":1,"name":"Home","item":"https:\/\/honeybuddies.eu\/dev\/"},{"@type":"ListItem","position":2,"name":"Parduotuv\u0117","item":"https:\/\/honeybuddies.eu\/dev\/parduotuve\/"},{"@type":"ListItem","position":3,"name":"Nat\u016bralus rank\u0173 darbo muilas su bi\u010di\u0173 pikiu"}]},{"@type":"WebSite","@id":"https:\/\/honeybuddies.eu\/dev\/#website","url":"https:\/\/honeybuddies.eu\/dev\/","name":"honeybuddies.eu","description":"Honey buddies","potentialAction":[{"@type":"SearchAction","target":{"@type":"EntryPoint","urlTemplate":"https:\/\/honeybuddies.eu\/dev\/?s={search_term_string}"},"query-input":{"@type":"PropertyValueSpecification","valueRequired":true,"valueName":"search_term_string"}}],"inLanguage":"lt-LT"}]}},"_links":{"self":[{"href":"https:\/\/honeybuddies.eu\/dev\/wp-json\/wp\/v2\/product\/2963"}],"collection":[{"href":"https:\/\/honeybuddies.eu\/dev\/wp-json\/wp\/v2\/product"}],"about":[{"href":"https:\/\/honeybuddies.eu\/dev\/wp-json\/wp\/v2\/types\/product"}],"replies":[{"embeddable":true,"href":"https:\/\/honeybuddies.eu\/dev\/wp-json\/wp\/v2\/comments?post=2963"}],"wp:featuredmedia":[{"embeddable":true,"href":"https:\/\/honeybuddies.eu\/dev\/wp-json\/wp\/v2\/media\/3034"}],"wp:attachment":[{"href":"https:\/\/honeybuddies.eu\/dev\/wp-json\/wp\/v2\/media?parent=2963"}],"curies":[{"name":"wp","href":"https:\/\/api.w.org\/{rel}","templated":true}]}}